{"id":16078,"date":"2023-11-29T10:34:12","date_gmt":"2023-11-29T10:34:12","guid":{"rendered":"https:\/\/azprotr.com\/?post_type=product&#038;p=16078"},"modified":"2023-11-30T16:29:49","modified_gmt":"2023-11-30T16:29:49","slug":"qargidali-yagi-2","status":"publish","type":"product","link":"https:\/\/azprotr.com\/index.php\/product\/qargidali-yagi-2\/","title":{"rendered":"Qar\u011f\u0131dal\u0131 Ya\u011f\u0131"},"content":{"rendered":"","protected":false},"excerpt":{"rendered":"","protected":false},"featured_media":16060,"comment_status":"closed","ping_status":"closed","template":"","meta":[],"product_cat":[71],"product_tag":[],"class_list":["post-16078","product","type-product","status-publish","has-post-thumbnail","hentry","product_cat-yaglar"],"_links":{"self":[{"href":"https:\/\/azprotr.com\/index.php\/wp-json\/wp\/v2\/product\/16078","targetHints":{"allow":["GET"]}}],"collection":[{"href":"https:\/\/azprotr.com\/index.php\/wp-json\/wp\/v2\/product"}],"about":[{"href":"https:\/\/azprotr.com\/index.php\/wp-json\/wp\/v2\/types\/product"}],"replies":[{"embeddable":true,"href":"https:\/\/azprotr.com\/index.php\/wp-json\/wp\/v2\/comments?post=16078"}],"version-history":[{"count":1,"href":"https:\/\/azprotr.com\/index.php\/wp-json\/wp\/v2\/product\/16078\/revisions"}],"predecessor-version":[{"id":16079,"href":"https:\/\/azprotr.com\/index.php\/wp-json\/wp\/v2\/product\/16078\/revisions\/16079"}],"wp:featuredmedia":[{"embeddable":true,"href":"https:\/\/azprotr.com\/index.php\/wp-json\/wp\/v2\/media\/16060"}],"wp:attachment":[{"href":"https:\/\/azprotr.com\/index.php\/wp-json\/wp\/v2\/media?parent=16078"}],"wp:term":[{"taxonomy":"product_cat","embeddable":true,"href":"https:\/\/azprotr.com\/index.php\/wp-json\/wp\/v2\/product_cat?post=16078"},{"taxonomy":"product_tag","embeddable":true,"href":"https:\/\/azprotr.com\/index.php\/wp-json\/wp\/v2\/product_tag?post=16078"}],"curies":[{"name":"wp","href":"https:\/\/api.w.org\/{rel}","templated":true}]}}