{"id":6592,"date":"2021-10-22T16:21:16","date_gmt":"2021-10-22T16:21:16","guid":{"rendered":"http:\/\/dummy.xtemos.com\/woodmart2\/elementor\/?page_id=6592"},"modified":"2024-07-25T19:45:04","modified_gmt":"2024-07-25T19:45:04","slug":"esas-sehife","status":"publish","type":"page","link":"https:\/\/azprotr.com\/","title":{"rendered":"\u018fsas S\u0259hif\u0259"},"content":{"rendered":"\t\t<div data-elementor-type=\"wp-page\" data-elementor-id=\"6592\" class=\"elementor elementor-6592\" data-elementor-post-type=\"page\">\n\t\t\t\t\t\t\t\t\t<section class=\"wd-negative-gap elementor-section elementor-top-section elementor-element elementor-element-d81bacf wd-section-stretch-content elementor-section-boxed elementor-section-height-default elementor-section-height-default\" data-id=\"d81bacf\" data-element_type=\"section\">\n\t\t\t\t\t\t<div class=\"elementor-container elementor-column-gap-no\">\n\t\t\t\t\t<div class=\"elementor-column elementor-col-100 elementor-top-column elementor-element elementor-element-1126f74b\" data-id=\"1126f74b\" data-element_type=\"column\">\n\t\t\t<div class=\"elementor-widget-wrap elementor-element-populated\">\n\t\t\t\t\t\t\t\t<div class=\"elementor-element elementor-element-462dd8af elementor-widget__width-initial elementor-widget elementor-widget-slider_revolution\" data-id=\"462dd8af\" data-element_type=\"widget\" data-widget_type=\"slider_revolution.default\">\n\t\t\t\t<div class=\"elementor-widget-container\">\n\t\t\t\n\t\t<div class=\"wp-block-themepunch-revslider\">\n\t\t\t<!-- START Sweets Bakery 11 1 REVOLUTION SLIDER 6.6.18 --><p class=\"rs-p-wp-fix\"><\/p>\n\t\t\t<rs-module-wrap id=\"sweets-bakery_wrapper\" data-source=\"gallery\" style=\"visibility:hidden;background:transparent;padding:0;margin:0px auto;margin-top:0;margin-bottom:0;\">\n\t\t\t\t<rs-module id=\"sweets-bakery\" style=\"\" data-version=\"6.6.18\">\n\t\t\t\t\t<rs-slides style=\"overflow: hidden; position: absolute;\">\n\t\t\t\t\t\t<rs-slide style=\"position: absolute;\" data-key=\"rs-20\" data-title=\"Slide\" data-in=\"o:0;\" data-out=\"a:false;\">\n\t\t\t\t\t\t\t<img decoding=\"async\" src=\"\/\/azprotr.com\/wp-content\/plugins\/revslider\/public\/assets\/assets\/dummy.png\" alt=\"\" class=\"rev-slidebg tp-rs-img rs-lazyload\" data-lazyload=\"\/\/azprotr.com\/wp-content\/uploads\/revslider\/video-media\/Particle-Fusion-Logo_720p_20.jpeg\" data-parallax=\"off\" data-no-retina>\n\t\t\t\t\t\t\t<rs-bgvideo \n\t\t\t\t\t\t\t\tdata-video=\"w:100%;h:100%;nse:false;l:true;ptimer:false;vfc:true;\"\n\t\t\t\t\t\t\t\tdata-mp4=\"\/\/azprotr.com\/wp-content\/uploads\/2024\/01\/Particle-Fusion-Logo_720p-1.mp4\"\n\t\t\t\t\t\t\t><\/rs-bgvideo>\n<!---->\t\t\t\t\t\t<\/rs-slide>\n\t\t\t\t\t<\/rs-slides>\n\t\t\t\t<\/rs-module>\n\t\t\t\t<script>\n\t\t\t\t\tsetREVStartSize({c: 'sweets-bakery',rl:[1240,1024,778,480],el:[920,768,960,720],gw:[1240,1024,778,480],gh:[920,768,960,720],type:'standard',justify:'',layout:'fullwidth',mh:\"0\"});if (window.RS_MODULES!==undefined && window.RS_MODULES.modules!==undefined && window.RS_MODULES.modules[\"sweetsbakery\"]!==undefined) {window.RS_MODULES.modules[\"sweetsbakery\"].once = false;window.revapi5 = undefined;if (window.RS_MODULES.checkMinimal!==undefined) window.RS_MODULES.checkMinimal()}\n\t\t\t\t<\/script>\n\t\t\t<\/rs-module-wrap>\n\t\t\t<!-- END REVOLUTION SLIDER -->\n<\/div>\n\n\t\t\t\t<\/div>\n\t\t\t\t<\/div>\n\t\t\t\t\t<\/div>\n\t\t<\/div>\n\t\t\t\t\t\t\t<\/div>\n\t\t<\/section>\n\t\t\t\t<section class=\"wd-negative-gap elementor-section elementor-top-section elementor-element elementor-element-5a96d99f elementor-section-content-middle wd-section-stretch elementor-section-boxed elementor-section-height-default elementor-section-height-default\" data-id=\"5a96d99f\" data-element_type=\"section\" data-settings=\"{&quot;background_background&quot;:&quot;classic&quot;}\">\n\t\t\t\t\t\t<div class=\"elementor-container elementor-column-gap-extended\">\n\t\t\t\t\t<div class=\"elementor-column elementor-col-100 elementor-top-column elementor-element elementor-element-36f2f760\" data-id=\"36f2f760\" data-element_type=\"column\">\n\t\t\t<div class=\"elementor-widget-wrap elementor-element-populated\">\n\t\t\t\t\t\t\t\t<div class=\"elementor-element elementor-element-6fd4443 elementor-widget elementor-widget-spacer\" data-id=\"6fd4443\" data-element_type=\"widget\" data-widget_type=\"spacer.default\">\n\t\t\t\t<div class=\"elementor-widget-container\">\n\t\t\t<style>\/*! elementor - v3.17.0 - 08-11-2023 *\/\n.elementor-column .elementor-spacer-inner{height:var(--spacer-size)}.e-con{--container-widget-width:100%}.e-con-inner>.elementor-widget-spacer,.e-con>.elementor-widget-spacer{width:var(--container-widget-width,var(--spacer-size));--align-self:var(--container-widget-align-self,initial);--flex-shrink:0}.e-con-inner>.elementor-widget-spacer>.elementor-widget-container,.e-con>.elementor-widget-spacer>.elementor-widget-container{height:100%;width:100%}.e-con-inner>.elementor-widget-spacer>.elementor-widget-container>.elementor-spacer,.e-con>.elementor-widget-spacer>.elementor-widget-container>.elementor-spacer{height:100%}.e-con-inner>.elementor-widget-spacer>.elementor-widget-container>.elementor-spacer>.elementor-spacer-inner,.e-con>.elementor-widget-spacer>.elementor-widget-container>.elementor-spacer>.elementor-spacer-inner{height:var(--container-widget-height,var(--spacer-size))}.e-con-inner>.elementor-widget-spacer.elementor-widget-empty,.e-con>.elementor-widget-spacer.elementor-widget-empty{position:relative;min-height:22px;min-width:22px}.e-con-inner>.elementor-widget-spacer.elementor-widget-empty .elementor-widget-empty-icon,.e-con>.elementor-widget-spacer.elementor-widget-empty .elementor-widget-empty-icon{position:absolute;top:0;bottom:0;left:0;right:0;margin:auto;padding:0;width:22px;height:22px}<\/style>\t\t<div class=\"elementor-spacer\">\n\t\t\t<div class=\"elementor-spacer-inner\"><\/div>\n\t\t<\/div>\n\t\t\t\t<\/div>\n\t\t\t\t<\/div>\n\t\t\t\t<div class=\"elementor-element elementor-element-7bac8443 animated-slow elementor-invisible elementor-widget elementor-widget-wd_title\" data-id=\"7bac8443\" data-element_type=\"widget\" data-settings=\"{&quot;_animation&quot;:&quot;zoomIn&quot;}\" data-widget_type=\"wd_title.default\">\n\t\t\t\t<div class=\"elementor-widget-container\">\n\t\t\t\t\t<div class=\"title-wrapper set-mb-s reset-last-child wd-title-color-alt wd-title-style-default wd-title-size-large text-left\">\n\n\t\t\t\t\t\t\t<div class=\"title-subtitle subtitle-color-alt subtitle-style-default wd-fontsize-xs\">\n\t\t\t\t\tAZPROTR MMC\t\t\t\t<\/div>\n\t\t\t\n\t\t\t<div class=\"liner-continer\">\n\t\t\t\t<h4 class=\"woodmart-title-container title wd-fontsize-xxl\">Missiyam\u0131z!<\/h4> \n\t\t\t\t\t\t\t<\/div>\n\n\t\t\t\t\t<\/div>\n\t\t\t\t<\/div>\n\t\t\t\t<\/div>\n\t\t\t\t<div class=\"elementor-element elementor-element-8681d25 animated-slow elementor-invisible elementor-widget elementor-widget-wd_text_block\" data-id=\"8681d25\" data-element_type=\"widget\" data-settings=\"{&quot;_animation&quot;:&quot;zoomIn&quot;}\" data-widget_type=\"wd_text_block.default\">\n\t\t\t\t<div class=\"elementor-widget-container\">\n\t\t\t\t\t<div class=\"wd-text-block reset-last-child text-left\">\n\t\t\t\n\t\t\t<p>2015 ci ild\u0259 <strong>\u201cAZPROTR\u201d<\/strong> M\u0259hdud M\u0259suliyy\u0259tli C\u0259miyy\u0259ti t\u0259sis edilib.<\/p><p>M\u00fc\u0259ssis\u0259mizin Bu Tam \u0259mt\u0259\u0259 n\u0131\u015fanl\u0131 v\u0259 Food Servis MMC \u2013 l\u0259ri il\u0259 \u0259sas prinsipi Yerli istehsal \u00e7esidl\u0259rimizi art\u0131rmaqla yerli bazarda \u00f6z markam\u0131zla m\u0259hsul \u00e7esidl\u0259rimizi istehlak\u00e7\u0131lara y\u00fcks\u0259k keyfiyy\u0259tl\u0259 istehsal edib son t\u00fck\u0259ticiy\u0259 \u00e7atd\u0131rmaqd\u0131r.<\/p><p>M\u00fc\u0259ssis\u0259l\u0259rimizin daxili istehsal v\u0259 eyni zamanda p\u0259rak\u0259nd\u0259 Sat\u0131\u015f\u0131 il\u0259 m\u00fc\u015ft\u0259ri m\u0259mnunlu\u011funu \u0259ld\u0259 etm\u0259yi \u0259sas tutaraq f\u0259aliyy\u0259t\u0259 ba\u015flam\u0131\u015fd\u0131r.<\/p><p>H\u0259d\u0259fimiz \u00d6lk\u0259mizin istehsal g\u00fcc\u00fcn\u00fc art\u0131rmaqla \u0130dxaldan as\u0131l\u0131l\u0131\u011f\u0131n\u0131 azalmas\u0131na v\u0259 ixrac potensial\u0131n\u0131 daha da g\u00fccl\u00fc v\u0259 k\u00f6kl\u00fc olmas\u0131na nail olmaq v\u0259 eyni zamanda Az\u0259rbaycan iqtisadiyyat\u0131n\u0131n d\u00fcnya bazar\u0131nda i\u015ftirak\u0131n\u0131 t\u0259min etm\u0259kl\u0259 m\u0259hsul \u00e7esidliliyinin v\u0259 keyfiyy\u0259tinin optimalla\u015fd\u0131r\u0131lmas\u0131na \u00e7al\u0131\u015fmaq v\u0259 bu istiqam\u0259td\u0259 b\u00fct\u00fcn bilik bacar\u0131\u011f\u0131n\u0131 s\u0259f\u0259rb\u0259r etm\u0259kdir.<\/p>\n\t\t\t\t\t<\/div>\n\t\t\t\t<\/div>\n\t\t\t\t<\/div>\n\t\t\t\t<div class=\"elementor-element elementor-element-f0f0063 elementor-widget elementor-widget-spacer\" data-id=\"f0f0063\" data-element_type=\"widget\" data-widget_type=\"spacer.default\">\n\t\t\t\t<div class=\"elementor-widget-container\">\n\t\t\t\t\t<div class=\"elementor-spacer\">\n\t\t\t<div class=\"elementor-spacer-inner\"><\/div>\n\t\t<\/div>\n\t\t\t\t<\/div>\n\t\t\t\t<\/div>\n\t\t\t\t\t<\/div>\n\t\t<\/div>\n\t\t\t\t\t\t\t<\/div>\n\t\t<\/section>\n\t\t<div class=\"wd-negative-gap elementor-element elementor-element-3eabcbe e-flex e-con-boxed wd-section-disabled e-con e-parent\" data-id=\"3eabcbe\" data-element_type=\"container\" data-settings=\"{&quot;content_width&quot;:&quot;boxed&quot;}\" data-core-v316-plus=\"true\">\n\t\t\t\t\t<div class=\"e-con-inner\">\n\t\t\t\t<div class=\"elementor-element elementor-element-b5dd605 animated-slow elementor-invisible elementor-widget elementor-widget-wd_title\" data-id=\"b5dd605\" data-element_type=\"widget\" data-settings=\"{&quot;_animation&quot;:&quot;zoomIn&quot;}\" data-widget_type=\"wd_title.default\">\n\t\t\t\t<div class=\"elementor-widget-container\">\n\t\t\t\t\t<div class=\"title-wrapper set-mb-s reset-last-child wd-title-color-alt wd-title-style-default wd-title-size-large text-center\">\n\n\t\t\t\n\t\t\t<div class=\"liner-continer\">\n\t\t\t\t<h4 class=\"woodmart-title-container title wd-fontsize-xxl\">Dig\u0259r \u015eirk\u0259tl\u0259rimiz<\/h4> \n\t\t\t\t\t\t\t<\/div>\n\n\t\t\t\t\t<\/div>\n\t\t\t\t<\/div>\n\t\t\t\t<\/div>\n\t\t\t\t<div class=\"elementor-element elementor-element-8749aa9 elementor-widget elementor-widget-spacer\" data-id=\"8749aa9\" data-element_type=\"widget\" data-widget_type=\"spacer.default\">\n\t\t\t\t<div class=\"elementor-widget-container\">\n\t\t\t\t\t<div class=\"elementor-spacer\">\n\t\t\t<div class=\"elementor-spacer-inner\"><\/div>\n\t\t<\/div>\n\t\t\t\t<\/div>\n\t\t\t\t<\/div>\n\t\t\t\t\t<\/div>\n\t\t\t\t<\/div>\n\t\t<div class=\"wd-negative-gap elementor-element elementor-element-c868097 e-flex e-con-boxed wd-section-disabled e-con e-parent\" data-id=\"c868097\" data-element_type=\"container\" data-settings=\"{&quot;content_width&quot;:&quot;boxed&quot;}\" data-core-v316-plus=\"true\">\n\t\t\t\t\t<div class=\"e-con-inner\">\n\t\t<div class=\"elementor-element elementor-element-a288b73 e-con-full e-flex wd-section-disabled e-con e-child\" data-id=\"a288b73\" data-element_type=\"container\" data-settings=\"{&quot;content_width&quot;:&quot;full&quot;}\">\n\t\t\t\t<div class=\"elementor-element elementor-element-7c8b8fc elementor-invisible elementor-widget elementor-widget-wd_image_or_svg\" data-id=\"7c8b8fc\" data-element_type=\"widget\" data-settings=\"{&quot;_animation&quot;:&quot;zoomIn&quot;}\" data-widget_type=\"wd_image_or_svg.default\">\n\t\t\t\t<div class=\"elementor-widget-container\">\n\t\t\t\n\t\t<div class=\"wd-image text-center\">\n\t\t\t\t\t\t\t<a  href=\"http:\/\/butam.az\">\n\t\t\t\t\t\t\t\t<img fetchpriority=\"high\" decoding=\"async\" width=\"1298\" height=\"446\" src=\"https:\/\/azprotr.com\/wp-content\/uploads\/2024\/01\/buuub7787.png\" class=\"attachment-full size-full\" alt=\"\" srcset=\"https:\/\/azprotr.com\/wp-content\/uploads\/2024\/01\/buuub7787.png 1298w, https:\/\/azprotr.com\/wp-content\/uploads\/2024\/01\/buuub7787-400x137.png 400w, https:\/\/azprotr.com\/wp-content\/uploads\/2024\/01\/buuub7787-768x264.png 768w, https:\/\/azprotr.com\/wp-content\/uploads\/2024\/01\/buuub7787-16x5.png 16w, https:\/\/azprotr.com\/wp-content\/uploads\/2024\/01\/buuub7787-860x296.png 860w, https:\/\/azprotr.com\/wp-content\/uploads\/2024\/01\/buuub7787-430x148.png 430w, https:\/\/azprotr.com\/wp-content\/uploads\/2024\/01\/buuub7787-700x241.png 700w, https:\/\/azprotr.com\/wp-content\/uploads\/2024\/01\/buuub7787-150x52.png 150w\" sizes=\"(max-width: 1298px) 100vw, 1298px\" \/>\t\t\t\t\t\t\t<\/a>\n\t\t\t\t\t<\/div>\n\n\t\t\t\t<\/div>\n\t\t\t\t<\/div>\n\t\t\t\t<\/div>\n\t\t<div class=\"elementor-element elementor-element-7c343a2 e-con-full e-flex wd-section-disabled e-con e-child\" data-id=\"7c343a2\" data-element_type=\"container\" data-settings=\"{&quot;content_width&quot;:&quot;full&quot;}\">\n\t\t\t\t<div class=\"elementor-element elementor-element-ee14cce elementor-invisible elementor-widget elementor-widget-wd_image_or_svg\" data-id=\"ee14cce\" data-element_type=\"widget\" data-settings=\"{&quot;_animation&quot;:&quot;zoomIn&quot;}\" data-widget_type=\"wd_image_or_svg.default\">\n\t\t\t\t<div class=\"elementor-widget-container\">\n\t\t\t\n\t\t<div class=\"wd-image text-center\">\n\t\t\t\t\t\t\t<a  href=\"http:\/\/germautohub.com\">\n\t\t\t\t\t\t\t\t<img decoding=\"async\" width=\"1298\" height=\"446\" src=\"https:\/\/azprotr.com\/wp-content\/uploads\/2024\/01\/bubaua.png\" class=\"attachment-full size-full\" alt=\"\" srcset=\"https:\/\/azprotr.com\/wp-content\/uploads\/2024\/01\/bubaua.png 1298w, https:\/\/azprotr.com\/wp-content\/uploads\/2024\/01\/bubaua-400x137.png 400w, https:\/\/azprotr.com\/wp-content\/uploads\/2024\/01\/bubaua-768x264.png 768w, https:\/\/azprotr.com\/wp-content\/uploads\/2024\/01\/bubaua-16x5.png 16w, https:\/\/azprotr.com\/wp-content\/uploads\/2024\/01\/bubaua-860x296.png 860w, https:\/\/azprotr.com\/wp-content\/uploads\/2024\/01\/bubaua-430x148.png 430w, https:\/\/azprotr.com\/wp-content\/uploads\/2024\/01\/bubaua-700x241.png 700w, https:\/\/azprotr.com\/wp-content\/uploads\/2024\/01\/bubaua-150x52.png 150w\" sizes=\"(max-width: 1298px) 100vw, 1298px\" \/>\t\t\t\t\t\t\t<\/a>\n\t\t\t\t\t<\/div>\n\n\t\t\t\t<\/div>\n\t\t\t\t<\/div>\n\t\t\t\t<\/div>\n\t\t<div class=\"elementor-element elementor-element-b2c250d e-con-full e-flex wd-section-disabled e-con e-child\" data-id=\"b2c250d\" data-element_type=\"container\" data-settings=\"{&quot;content_width&quot;:&quot;full&quot;}\">\n\t\t\t\t<div class=\"elementor-element elementor-element-c247024 elementor-invisible elementor-widget elementor-widget-wd_image_or_svg\" data-id=\"c247024\" data-element_type=\"widget\" data-settings=\"{&quot;_animation&quot;:&quot;zoomIn&quot;}\" data-widget_type=\"wd_image_or_svg.default\">\n\t\t\t\t<div class=\"elementor-widget-container\">\n\t\t\t\n\t\t<div class=\"wd-image text-center\">\n\t\t\t\t\t\t\t<a  href=\"https:\/\/poladlogistics.com\/\">\n\t\t\t\t\t\t\t\t<img decoding=\"async\" width=\"1298\" height=\"446\" src=\"https:\/\/azprotr.com\/wp-content\/uploads\/2024\/01\/polalo.png\" class=\"attachment-full size-full\" alt=\"\" srcset=\"https:\/\/azprotr.com\/wp-content\/uploads\/2024\/01\/polalo.png 1298w, https:\/\/azprotr.com\/wp-content\/uploads\/2024\/01\/polalo-400x137.png 400w, https:\/\/azprotr.com\/wp-content\/uploads\/2024\/01\/polalo-768x264.png 768w, https:\/\/azprotr.com\/wp-content\/uploads\/2024\/01\/polalo-16x5.png 16w, https:\/\/azprotr.com\/wp-content\/uploads\/2024\/01\/polalo-860x296.png 860w, https:\/\/azprotr.com\/wp-content\/uploads\/2024\/01\/polalo-430x148.png 430w, https:\/\/azprotr.com\/wp-content\/uploads\/2024\/01\/polalo-700x241.png 700w, https:\/\/azprotr.com\/wp-content\/uploads\/2024\/01\/polalo-150x52.png 150w\" sizes=\"(max-width: 1298px) 100vw, 1298px\" \/>\t\t\t\t\t\t\t<\/a>\n\t\t\t\t\t<\/div>\n\n\t\t\t\t<\/div>\n\t\t\t\t<\/div>\n\t\t\t\t<\/div>\n\t\t<div class=\"elementor-element elementor-element-94bcacb e-con-full e-flex wd-section-disabled e-con e-child\" data-id=\"94bcacb\" data-element_type=\"container\" data-settings=\"{&quot;content_width&quot;:&quot;full&quot;}\">\n\t\t\t\t<div class=\"elementor-element elementor-element-2633e04 elementor-invisible elementor-widget elementor-widget-wd_image_or_svg\" data-id=\"2633e04\" data-element_type=\"widget\" data-settings=\"{&quot;_animation&quot;:&quot;zoomIn&quot;}\" data-widget_type=\"wd_image_or_svg.default\">\n\t\t\t\t<div class=\"elementor-widget-container\">\n\t\t\t\n\t\t<div class=\"wd-image text-center\">\n\t\t\t\t\t\t\t<a  href=\"http:\/\/butam.az\">\n\t\t\t\t\t\t\t\t<img loading=\"lazy\" decoding=\"async\" width=\"1298\" height=\"446\" src=\"https:\/\/azprotr.com\/wp-content\/uploads\/2024\/01\/larnlanla.jpg\" class=\"attachment-full size-full\" alt=\"\" srcset=\"https:\/\/azprotr.com\/wp-content\/uploads\/2024\/01\/larnlanla.jpg 1298w, https:\/\/azprotr.com\/wp-content\/uploads\/2024\/01\/larnlanla-400x137.jpg 400w, https:\/\/azprotr.com\/wp-content\/uploads\/2024\/01\/larnlanla-768x264.jpg 768w, https:\/\/azprotr.com\/wp-content\/uploads\/2024\/01\/larnlanla-16x5.jpg 16w, https:\/\/azprotr.com\/wp-content\/uploads\/2024\/01\/larnlanla-860x296.jpg 860w, https:\/\/azprotr.com\/wp-content\/uploads\/2024\/01\/larnlanla-430x148.jpg 430w, https:\/\/azprotr.com\/wp-content\/uploads\/2024\/01\/larnlanla-700x241.jpg 700w, https:\/\/azprotr.com\/wp-content\/uploads\/2024\/01\/larnlanla-150x52.jpg 150w\" sizes=\"(max-width: 1298px) 100vw, 1298px\" \/>\t\t\t\t\t\t\t<\/a>\n\t\t\t\t\t<\/div>\n\n\t\t\t\t<\/div>\n\t\t\t\t<\/div>\n\t\t\t\t<\/div>\n\t\t<div class=\"elementor-element elementor-element-cc01913 e-con-full e-flex wd-section-disabled e-con e-child\" data-id=\"cc01913\" data-element_type=\"container\" data-settings=\"{&quot;content_width&quot;:&quot;full&quot;}\">\n\t\t\t\t<div class=\"elementor-element elementor-element-8425360 elementor-invisible elementor-widget elementor-widget-wd_image_or_svg\" data-id=\"8425360\" data-element_type=\"widget\" data-settings=\"{&quot;_animation&quot;:&quot;zoomIn&quot;}\" data-widget_type=\"wd_image_or_svg.default\">\n\t\t\t\t<div class=\"elementor-widget-container\">\n\t\t\t\n\t\t<div class=\"wd-image text-center\">\n\t\t\t\t\t\t\t<a  href=\"http:\/\/azit.az\">\n\t\t\t\t\t\t\t\t<img loading=\"lazy\" decoding=\"async\" width=\"1298\" height=\"446\" src=\"https:\/\/azprotr.com\/wp-content\/uploads\/2024\/07\/a_13813.png\" class=\"attachment-full size-full\" alt=\"\" srcset=\"https:\/\/azprotr.com\/wp-content\/uploads\/2024\/07\/a_13813.png 1298w, https:\/\/azprotr.com\/wp-content\/uploads\/2024\/07\/a_13813-400x137.png 400w, https:\/\/azprotr.com\/wp-content\/uploads\/2024\/07\/a_13813-768x264.png 768w, https:\/\/azprotr.com\/wp-content\/uploads\/2024\/07\/a_13813-16x5.png 16w, https:\/\/azprotr.com\/wp-content\/uploads\/2024\/07\/a_13813-860x296.png 860w, https:\/\/azprotr.com\/wp-content\/uploads\/2024\/07\/a_13813-430x148.png 430w, https:\/\/azprotr.com\/wp-content\/uploads\/2024\/07\/a_13813-700x241.png 700w, https:\/\/azprotr.com\/wp-content\/uploads\/2024\/07\/a_13813-150x52.png 150w\" sizes=\"(max-width: 1298px) 100vw, 1298px\" \/>\t\t\t\t\t\t\t<\/a>\n\t\t\t\t\t<\/div>\n\n\t\t\t\t<\/div>\n\t\t\t\t<\/div>\n\t\t\t\t<\/div>\n\t\t\t\t\t<\/div>\n\t\t\t\t<\/div>\n\t\t<div class=\"wd-negative-gap elementor-element elementor-element-683b170 e-flex e-con-boxed wd-section-disabled e-con e-parent\" data-id=\"683b170\" data-element_type=\"container\" data-settings=\"{&quot;content_width&quot;:&quot;boxed&quot;}\" data-core-v316-plus=\"true\">\n\t\t\t\t\t<div class=\"e-con-inner\">\n\t\t\t\t<div class=\"elementor-element elementor-element-fe31d43 elementor-widget elementor-widget-spacer\" data-id=\"fe31d43\" data-element_type=\"widget\" data-widget_type=\"spacer.default\">\n\t\t\t\t<div class=\"elementor-widget-container\">\n\t\t\t\t\t<div class=\"elementor-spacer\">\n\t\t\t<div class=\"elementor-spacer-inner\"><\/div>\n\t\t<\/div>\n\t\t\t\t<\/div>\n\t\t\t\t<\/div>\n\t\t\t\t\t<\/div>\n\t\t\t\t<\/div>\n\t\t\t\t\t\t\t<\/div>\n\t\t","protected":false},"excerpt":{"rendered":"<p>AZPROTR MMC Missiyam\u0131z! 2015 ci ild\u0259 \u201cAZPROTR\u201d M\u0259hdud M\u0259suliyy\u0259tli C\u0259miyy\u0259ti t\u0259sis edilib. M\u00fc\u0259ssis\u0259mizin Bu Tam \u0259mt\u0259\u0259 n\u0131\u015fanl\u0131 v\u0259 Food Servis<\/p>\n","protected":false},"author":1,"featured_media":0,"parent":0,"menu_order":0,"comment_status":"closed","ping_status":"closed","template":"","meta":{"footnotes":""},"class_list":["post-6592","page","type-page","status-publish","hentry"],"_links":{"self":[{"href":"https:\/\/azprotr.com\/index.php\/wp-json\/wp\/v2\/pages\/6592","targetHints":{"allow":["GET"]}}],"collection":[{"href":"https:\/\/azprotr.com\/index.php\/wp-json\/wp\/v2\/pages"}],"about":[{"href":"https:\/\/azprotr.com\/index.php\/wp-json\/wp\/v2\/types\/page"}],"author":[{"embeddable":true,"href":"https:\/\/azprotr.com\/index.php\/wp-json\/wp\/v2\/users\/1"}],"replies":[{"embeddable":true,"href":"https:\/\/azprotr.com\/index.php\/wp-json\/wp\/v2\/comments?post=6592"}],"version-history":[{"count":406,"href":"https:\/\/azprotr.com\/index.php\/wp-json\/wp\/v2\/pages\/6592\/revisions"}],"predecessor-version":[{"id":16625,"href":"https:\/\/azprotr.com\/index.php\/wp-json\/wp\/v2\/pages\/6592\/revisions\/16625"}],"wp:attachment":[{"href":"https:\/\/azprotr.com\/index.php\/wp-json\/wp\/v2\/media?parent=6592"}],"curies":[{"name":"wp","href":"https:\/\/api.w.org\/{rel}","templated":true}]}}