{"id":16160,"date":"2023-11-29T12:13:23","date_gmt":"2023-11-29T12:13:23","guid":{"rendered":"https:\/\/azprotr.com\/?page_id=16160"},"modified":"2023-11-30T15:45:24","modified_gmt":"2023-11-30T15:45:24","slug":"price-list","status":"publish","type":"page","link":"https:\/\/azprotr.com\/index.php\/price-list\/","title":{"rendered":"Price List"},"content":{"rendered":"\t\t<div data-elementor-type=\"wp-page\" data-elementor-id=\"16160\" class=\"elementor elementor-16160\" data-elementor-post-type=\"page\">\n\t\t\t\t\t\t\t<div class=\"wd-negative-gap elementor-element elementor-element-39c24f8 e-flex e-con-boxed wd-section-disabled e-con e-parent\" data-id=\"39c24f8\" data-element_type=\"container\" data-settings=\"{&quot;content_width&quot;:&quot;boxed&quot;}\" data-core-v316-plus=\"true\">\n\t\t\t\t\t<div class=\"e-con-inner\">\n\t\t\t\t<div class=\"elementor-element elementor-element-4b621c9 elementor-widget elementor-widget-wd_text_block\" data-id=\"4b621c9\" data-element_type=\"widget\" data-widget_type=\"wd_text_block.default\">\n\t\t\t\t<div class=\"elementor-widget-container\">\n\t\t\t\t\t<div class=\"wd-text-block reset-last-child text-left\">\n\t\t\t\n\t\t\t<p><strong>\u018fziz d\u0259y\u0259rli m\u00fc\u015ft\u0259ril\u0259rimiz sizl\u0259r\u0259 M\u00fc\u0259ssis\u0259mizin istehsal etdiyi yerli v\u0259 y\u00fcks\u0259k keyfiyy\u0259tli m\u0259hsullar\u0131 t\u0259qdim edirik.<\/strong><\/p><p style=\"text-align: center;\">Bu tam mayonez 67% 1kq<\/p><p style=\"text-align: center;\">Bu tam mayonez 35% 3kq<\/p><p style=\"text-align: center;\">Bu tam mayonez 67% 3kq<\/p><p style=\"text-align: center;\">Bu tam mayonez 35% 10kq<\/p><p style=\"text-align: center;\">Bu tam mayonez 67% 10kq<\/p><p style=\"text-align: center;\">Bu tam \u015faurma 67% 3kq<\/p><p style=\"text-align: center;\">Bu tam sous miks 67% 3kq<\/p><p style=\"text-align: center;\">Bu tam tomat pasta 25% 1kq<\/p><p style=\"text-align: center;\">Bu tam tomat pasta 25% 3kq<\/p><p style=\"text-align: center;\">Bu tam tomat p\u00fcre 18% 3kq<\/p><p style=\"text-align: center;\">Bu tam ket\u00e7up klas 20% 3kq<\/p><p style=\"text-align: center;\">Bu tam ket\u00e7up klas 20% 9kq<\/p><p style=\"text-align: center;\">Bu tam ket\u00e7up acili 20% 3kq<\/p><p style=\"text-align: center;\">Bu tam mozarella pendiri 1kq<\/p><p style=\"text-align: center;\">Bu tam aci bib\u0259r 4kq<\/p><p style=\"text-align: center;\">G\u00fcn\u0259 baxan ya\u011flar\u0131 5lt<\/p><p style=\"text-align: center;\">Bu tam zeytun 1kq<\/p><p style=\"text-align: center;\">Bu tam zeytun 3kq<\/p><p style=\"text-align: center;\"><strong>\u0130st\u0259nil\u0259n regionlara \u00e7atd\u0131r\u0131lma var<\/strong><\/p><p style=\"text-align: center;\"><strong>\u0130st\u0259nil\u0259n t\u0259klif v\u0259 topdan m\u0259hsullar\u0131 \u0259ld\u0259 ed\u0259 bil\u0259rsiniz.<\/strong><\/p>\n\t\t\t\t\t<\/div>\n\t\t\t\t<\/div>\n\t\t\t\t<\/div>\n\t\t\t\t\t<\/div>\n\t\t\t\t<\/div>\n\t\t\t\t\t\t\t<\/div>\n\t\t","protected":false},"excerpt":{"rendered":"<p>\u018fziz d\u0259y\u0259rli m\u00fc\u015ft\u0259ril\u0259rimiz sizl\u0259r\u0259 M\u00fc\u0259ssis\u0259mizin istehsal etdiyi yerli v\u0259 y\u00fcks\u0259k keyfiyy\u0259tli m\u0259hsullar\u0131 t\u0259qdim edirik. Bu tam mayonez 67% 1kq Bu<\/p>\n","protected":false},"author":1,"featured_media":0,"parent":0,"menu_order":0,"comment_status":"closed","ping_status":"closed","template":"","meta":{"footnotes":""},"class_list":["post-16160","page","type-page","status-publish","hentry"],"_links":{"self":[{"href":"https:\/\/azprotr.com\/index.php\/wp-json\/wp\/v2\/pages\/16160","targetHints":{"allow":["GET"]}}],"collection":[{"href":"https:\/\/azprotr.com\/index.php\/wp-json\/wp\/v2\/pages"}],"about":[{"href":"https:\/\/azprotr.com\/index.php\/wp-json\/wp\/v2\/types\/page"}],"author":[{"embeddable":true,"href":"https:\/\/azprotr.com\/index.php\/wp-json\/wp\/v2\/users\/1"}],"replies":[{"embeddable":true,"href":"https:\/\/azprotr.com\/index.php\/wp-json\/wp\/v2\/comments?post=16160"}],"version-history":[{"count":13,"href":"https:\/\/azprotr.com\/index.php\/wp-json\/wp\/v2\/pages\/16160\/revisions"}],"predecessor-version":[{"id":16218,"href":"https:\/\/azprotr.com\/index.php\/wp-json\/wp\/v2\/pages\/16160\/revisions\/16218"}],"wp:attachment":[{"href":"https:\/\/azprotr.com\/index.php\/wp-json\/wp\/v2\/media?parent=16160"}],"curies":[{"name":"wp","href":"https:\/\/api.w.org\/{rel}","templated":true}]}}